{"id":987499175,"date":"2024-01-02T20:21:34","date_gmt":"2024-01-03T01:21:34","guid":{"rendered":"https:\/\/sinfonica.com.co\/the-national\/"},"modified":"2024-01-19T20:15:52","modified_gmt":"2024-01-19T19:15:52","slug":"the-national","status":"publish","type":"page","link":"https:\/\/sinfonica.com.co\/en\/the-national\/","title":{"rendered":"The National Symphony"},"content":{"rendered":"<p>[et_pb_section fb_built=&#8221;1&#8243; _builder_version=&#8221;4.23.4&#8243; _module_preset=&#8221;default&#8221; background_color=&#8221;RGBA(255,255,255,0)&#8221; background_image=&#8221;https:\/\/sinfonica.com.co\/wp-content\/uploads\/2024\/01\/Banner-Sinfonica.webp&#8221; background_position=&#8221;bottom_center&#8221; background_blend=&#8221;multiply&#8221; custom_padding=&#8221;||0px||false|false&#8221; background_last_edited=&#8221;on|phone&#8221; background_image_phone=&#8221;https:\/\/sinfonica.com.co\/wp-content\/uploads\/2024\/01\/Banner-mobile-la-sinfonica-orquesta-sinfonica-nacional-de-colombia.jpg&#8221; background_enable_image_phone=&#8221;on&#8221; background_size_phone=&#8221;contain&#8221; background_position_phone=&#8221;top_center&#8221; da_disable_devices=&#8221;off|off|off&#8221; global_colors_info=&#8221;{}&#8221; da_is_popup=&#8221;off&#8221; da_exit_intent=&#8221;off&#8221; da_has_close=&#8221;on&#8221; da_alt_close=&#8221;off&#8221; da_dark_close=&#8221;off&#8221; da_not_modal=&#8221;on&#8221; da_is_singular=&#8221;off&#8221; da_with_loader=&#8221;off&#8221; da_has_shadow=&#8221;on&#8221;][et_pb_row use_custom_gutter=&#8221;on&#8221; gutter_width=&#8221;2&#8243; make_equal=&#8221;on&#8221; custom_padding_last_edited=&#8221;on|phone&#8221; _builder_version=&#8221;4.23.4&#8243; _module_preset=&#8221;default&#8221; width=&#8221;88%&#8221; max_width=&#8221;88%&#8221; module_alignment=&#8221;center&#8221; custom_margin=&#8221;||6%||false|false&#8221; custom_margin_tablet=&#8221;18%||6%||false|false&#8221; custom_margin_phone=&#8221;10%||0%||false|false&#8221; custom_margin_last_edited=&#8221;on|phone&#8221; custom_padding=&#8221;16%||||false|false&#8221; custom_padding_tablet=&#8221;16%||||false|false&#8221; custom_padding_phone=&#8221;32%||0%||false|false&#8221; global_colors_info=&#8221;{}&#8221;][et_pb_column type=&#8221;4_4&#8243; _builder_version=&#8221;4.23.4&#8243; _module_preset=&#8221;default&#8221; global_colors_info=&#8221;{}&#8221;][et_pb_text _builder_version=&#8221;4.23.4&#8243; _module_preset=&#8221;default&#8221; header_font=&#8221;Jost|600|||||||&#8221; header_text_color=&#8221;#FFFFFF&#8221; header_font_size=&#8221;6em&#8221; header_line_height=&#8221;1.2em&#8221; custom_margin_tablet=&#8221;&#8221; custom_margin_phone=&#8221;14%||||false|false&#8221; custom_margin_last_edited=&#8221;on|phone&#8221; header_font_size_tablet=&#8221;3.6em&#8221; header_font_size_phone=&#8221;2em&#8221; header_font_size_last_edited=&#8221;on|tablet&#8221; global_colors_info=&#8221;{}&#8221;]<\/p>\n<h1>The National<br \/>Symphony Orchestra<br \/>of Colombia<\/h1>\n<p>[\/et_pb_text][\/et_pb_column][\/et_pb_row][et_pb_row column_structure=&#8221;1_2,1_2&#8243; use_custom_gutter=&#8221;on&#8221; gutter_width=&#8221;2&#8243; make_equal=&#8221;on&#8221; _builder_version=&#8221;4.23.4&#8243; _module_preset=&#8221;default&#8221; width=&#8221;88%&#8221; max_width=&#8221;88%&#8221; module_alignment=&#8221;center&#8221; global_colors_info=&#8221;{}&#8221;][et_pb_column type=&#8221;1_2&#8243; _builder_version=&#8221;4.23.4&#8243; _module_preset=&#8221;default&#8221; custom_padding=&#8221;|3%|||false|false&#8221; custom_padding_tablet=&#8221;|0%|||false|false&#8221; custom_padding_phone=&#8221;|0%|||false|false&#8221; custom_padding_last_edited=&#8221;on|desktop&#8221; custom_css_main_element=&#8221;display: flex;||flex-direction: column;||justify-content: center;&#8221; global_colors_info=&#8221;{}&#8221;][et_pb_text _builder_version=&#8221;4.23.4&#8243; _module_preset=&#8221;default&#8221; text_font=&#8221;Jost|300|||||||&#8221; text_text_color=&#8221;#FFFFFF&#8221; text_font_size=&#8221;1.2em&#8221; global_colors_info=&#8221;{}&#8221;]<\/p>\n<p>The <span style=\"color: #668da0;\"><strong>National Symphony Orchestra of Colombia,<\/strong><\/span>established in 1936, is a cultural institution with a long history.<\/p>\n<p>Under the artistic direction of Israeli maestro Yeruham Scharovsky, it performs three concert series per year at its headquarters, the National Arts Center in Bogota, Colombia. As of December 2023, these series will also take place in the renovated Le\u00f3n de Greiff Auditorium at the National University of Colombia and the concert hall of the Luis \u00c1ngel Arango Library.<\/p>\n<p>The Orchestra is also very active in the programming of the Fabio Lozano Auditorium and the Julio Mario Santo Domingo Major Theater, with over 8 productions per year that include major opera and ballet performances. Furthermore, it conducts a series of programs for various audiences in other venues across the city, <strong><span style=\"color: #668da0;\">including massive open-air concerts.<\/span><\/strong><\/p>\n<p>[\/et_pb_text][\/et_pb_column][et_pb_column type=&#8221;1_2&#8243; _builder_version=&#8221;4.23.4&#8243; _module_preset=&#8221;default&#8221; global_colors_info=&#8221;{}&#8221;][et_pb_image src=&#8221;https:\/\/sinfonica.com.co\/wp-content\/uploads\/2024\/01\/La-Sinfonica-1-Nacional.jpg&#8221; alt=&#8221;La Sinfo\u0301nica 1 Nacional&#8221; title_text=&#8221;La Sinfo\u0301nica 1 Nacional&#8221; align=&#8221;center&#8221; _builder_version=&#8221;4.23.4&#8243; _module_preset=&#8221;default&#8221; width=&#8221;100%&#8221; border_radii=&#8221;on|8px|8px|8px|8px&#8221; global_colors_info=&#8221;{}&#8221;][\/et_pb_image][\/et_pb_column][\/et_pb_row][et_pb_row column_structure=&#8221;1_2,1_2&#8243; use_custom_gutter=&#8221;on&#8221; gutter_width=&#8221;2&#8243; make_equal=&#8221;on&#8221; custom_padding_last_edited=&#8221;on|tablet&#8221; _builder_version=&#8221;4.23.4&#8243; _module_preset=&#8221;default&#8221; width=&#8221;88%&#8221; max_width=&#8221;88%&#8221; module_alignment=&#8221;center&#8221; custom_padding_tablet=&#8221;1%||0px||false|false&#8221; custom_padding_phone=&#8221;1%||0px||false|false&#8221; global_colors_info=&#8221;{}&#8221; custom_css_main_element_last_edited=&#8221;on|tablet&#8221; custom_css_main_element_tablet=&#8221;display: flex;||flex-wrap: wrap;&#8221; custom_css_main_element_phone=&#8221;display: flex;||flex-wrap: wrap;&#8221;][et_pb_column type=&#8221;1_2&#8243; _builder_version=&#8221;4.23.4&#8243; _module_preset=&#8221;default&#8221; custom_padding_tablet=&#8221;||||false|false&#8221; custom_padding_last_edited=&#8221;off|tablet&#8221; custom_css_main_element=&#8221;display: flex;||flex-direction: column;||justify-content: center;&#8221; global_colors_info=&#8221;{}&#8221; custom_css_main_element_last_edited=&#8221;on|tablet&#8221; custom_css_main_element_tablet=&#8221;order:1;&#8221; custom_css_main_element_phone=&#8221;order:1;&#8221;][et_pb_image src=&#8221;https:\/\/sinfonica.com.co\/wp-content\/uploads\/2024\/01\/La-Sinfonica-2.jpg&#8221; alt=&#8221;La Sinfo\u0301nica 2&#8243; title_text=&#8221;La Sinfo\u0301nica 2&#8243; align=&#8221;center&#8221; _builder_version=&#8221;4.23.4&#8243; _module_preset=&#8221;default&#8221; width=&#8221;100%&#8221; border_radii=&#8221;on|8px|8px|8px|8px&#8221; global_colors_info=&#8221;{}&#8221;][\/et_pb_image][\/et_pb_column][et_pb_column type=&#8221;1_2&#8243; _builder_version=&#8221;4.23.4&#8243; _module_preset=&#8221;default&#8221; custom_padding=&#8221;|||3%|false|false&#8221; custom_padding_tablet=&#8221;|||0%|false|false&#8221; custom_padding_phone=&#8221;|||0%|false|false&#8221; custom_padding_last_edited=&#8221;on|desktop&#8221; custom_css_main_element=&#8221;display: flex;||flex-direction: column;||justify-content: center;&#8221; global_colors_info=&#8221;{}&#8221;][et_pb_text _builder_version=&#8221;4.23.4&#8243; _module_preset=&#8221;default&#8221; text_font=&#8221;Jost|300|||||||&#8221; text_text_color=&#8221;#FFFFFF&#8221; text_font_size=&#8221;1.2em&#8221; custom_margin_tablet=&#8221;||6%||false|false&#8221; custom_margin_phone=&#8221;||10%||false|false&#8221; custom_margin_last_edited=&#8221;on|tablet&#8221; global_colors_info=&#8221;{}&#8221;]<\/p>\n<p>In addition to the 20th-century glories that the Colombian Symphony brought in its time, such as Igor Stravinsky, Aram Khachaturian, Paul Hindemith, Arthur Rubinstein, or Claudio Arrau, among many others, today it frequently features guest well-known conductors as Andr\u00e9s Orozco-Estrada and Gustavo Dudamel, soloists like Johannes Moser, Benjamin Schmid, Gabriela Montero, and Hilary Hahn, and voices such as Andrea Bocelli, Juan Diego Fl\u00f3rez, Jos\u00e9 Carreras, Roberto Alagna, and Anna Netrebko in its programming.<\/p>\n<p>The <span style=\"color: #668da0;\"><strong>National Symphony Orchestra of Colombia (OSNC) <\/strong><\/span>safeguards the national symphonic musical heritage and stimulates the work of contemporary Colombian composers. The commissioning of the ballet &#8220;Esp\u00edritu de P\u00e1jaro&#8221; to Colombian composer Diego Vega, premiered in 2022 with choreography by \u00c1lvaro Restrepo, marks a milestone in the history of dance in Colombia, in a work that pays tribute to the indigenous communities of America. Each year, the Orchestra chooses and produces new works from both young and veteran composers and encourages the careers of young conductors and soloists.<\/p>\n<p>[\/et_pb_text][\/et_pb_column][\/et_pb_row][\/et_pb_section][et_pb_section fb_built=&#8221;1&#8243; _builder_version=&#8221;4.23.4&#8243; _module_preset=&#8221;default&#8221; background_color=&#8221;RGBA(255,255,255,0)&#8221; background_enable_image=&#8221;off&#8221; background_size=&#8221;contain&#8221; background_position=&#8221;top_center&#8221; background_blend=&#8221;multiply&#8221; custom_padding=&#8221;0px||0px||false|false&#8221; da_disable_devices=&#8221;off|off|off&#8221; global_colors_info=&#8221;{}&#8221; da_is_popup=&#8221;off&#8221; da_exit_intent=&#8221;off&#8221; da_has_close=&#8221;on&#8221; da_alt_close=&#8221;off&#8221; da_dark_close=&#8221;off&#8221; da_not_modal=&#8221;on&#8221; da_is_singular=&#8221;off&#8221; da_with_loader=&#8221;off&#8221; da_has_shadow=&#8221;on&#8221;][et_pb_row column_structure=&#8221;1_2,1_2&#8243; use_custom_gutter=&#8221;on&#8221; gutter_width=&#8221;2&#8243; make_equal=&#8221;on&#8221; custom_padding_last_edited=&#8221;on|tablet&#8221; _builder_version=&#8221;4.23.4&#8243; _module_preset=&#8221;default&#8221; width=&#8221;88%&#8221; max_width=&#8221;88%&#8221; module_alignment=&#8221;center&#8221; custom_padding_tablet=&#8221;1%||||false|false&#8221; custom_padding_phone=&#8221;1%||||false|false&#8221; global_colors_info=&#8221;{}&#8221;][et_pb_column type=&#8221;1_2&#8243; _builder_version=&#8221;4.23.4&#8243; _module_preset=&#8221;default&#8221; custom_padding=&#8221;|3%|||false|false&#8221; custom_padding_tablet=&#8221;|0%|||false|false&#8221; custom_padding_phone=&#8221;|0%|||false|false&#8221; custom_padding_last_edited=&#8221;on|desktop&#8221; custom_css_main_element=&#8221;display: flex;||flex-direction: column;||justify-content: center;&#8221; global_colors_info=&#8221;{}&#8221;][et_pb_text _builder_version=&#8221;4.23.4&#8243; _module_preset=&#8221;default&#8221; text_font=&#8221;Jost|300|||||||&#8221; text_text_color=&#8221;#FFFFFF&#8221; text_font_size=&#8221;1.2em&#8221; global_colors_info=&#8221;{}&#8221;]<\/p>\n<p>The <span style=\"color: #668da0;\"><strong>National Symphony Orchestra of Colombia,<\/strong><\/span> is a contemporary, bold, and flexible orchestra, delivering to its audience the emotion and beauty of its performances across all genres and styles. This includes collaborations with renowned latinamerican popular artists such as Cepeda, Hugo Candelario, Nidia G\u00f3ngora, Carlos Vives, Gilberto Santa Rosa, Cholo Valderrama, Walter Silva, and Fonseca, with whom the Orchestra won the Latin Grammy for &#8220;Best Traditional Pop Album&#8221; in 2014.<\/p>\n<p>Recently, its production in this field, &#8220;Niche Sinf\u00f3nico,&#8221; Latin Grammy-winning album in 2023 for Best Salsa Album, represents a collaboration with the country&#8217;s most emblematic salsa group, Grupo Niche. For its 2024 season, our Orchestra will tour with concerts in some of the most emblematic theaters in South America, including the Sala Sao Paulo and the Teatro Col\u00f3n in Buenos Aires, as part of the Martha Argerich Festival.<\/p>\n<p>[\/et_pb_text][\/et_pb_column][et_pb_column type=&#8221;1_2&#8243; _builder_version=&#8221;4.23.4&#8243; _module_preset=&#8221;default&#8221; global_colors_info=&#8221;{}&#8221;][et_pb_text _builder_version=&#8221;4.23.4&#8243; _module_preset=&#8221;default&#8221; header_2_font=&#8221;Jost|600|||||||&#8221; header_2_text_color=&#8221;#FFFFFF&#8221; header_2_font_size=&#8221;3.6em&#8221; header_2_line_height=&#8221;1.2em&#8221; positioning=&#8221;absolute&#8221; z_index=&#8221;500&#8243; vertical_offset_tablet=&#8221;40px&#8221; vertical_offset_phone=&#8221;12px&#8221; vertical_offset_last_edited=&#8221;on|tablet&#8221; width=&#8221;100%&#8221; header_2_font_size_tablet=&#8221;2.6em&#8221; header_2_font_size_phone=&#8221;1.8em&#8221; header_2_font_size_last_edited=&#8221;on|tablet&#8221; global_colors_info=&#8221;{}&#8221;]<\/p>\n<h2>Excellent,<br \/>Risk-taking<br \/>Flexible<\/h2>\n<p>[\/et_pb_text][et_pb_image src=&#8221;https:\/\/sinfonica.com.co\/wp-content\/uploads\/2024\/01\/La-Sinfonica-3.jpg&#8221; alt=&#8221;La Sinfo\u0301nica 3&#8243; title_text=&#8221;La Sinfo\u0301nica 3&#8243; align=&#8221;right&#8221; _builder_version=&#8221;4.23.4&#8243; _module_preset=&#8221;default&#8221; width=&#8221;80%&#8221; width_tablet=&#8221;80%&#8221; width_phone=&#8221;88%&#8221; width_last_edited=&#8221;on|phone&#8221; custom_margin=&#8221;14%||||false|false&#8221; border_radii=&#8221;on|8px|8px|8px|8px&#8221; global_colors_info=&#8221;{}&#8221;][\/et_pb_image][\/et_pb_column][\/et_pb_row][et_pb_row use_custom_gutter=&#8221;on&#8221; gutter_width=&#8221;1&#8243; make_equal=&#8221;on&#8221; _builder_version=&#8221;4.23.4&#8243; _module_preset=&#8221;default&#8221; width=&#8221;100%&#8221; max_width=&#8221;100%&#8221; module_alignment=&#8221;center&#8221; custom_margin=&#8221;2%||||false|false&#8221; custom_padding=&#8221;||0px||false|false&#8221; global_colors_info=&#8221;{}&#8221;][et_pb_column type=&#8221;4_4&#8243; _builder_version=&#8221;4.23.4&#8243; _module_preset=&#8221;default&#8221; global_colors_info=&#8221;{}&#8221;][revslider_divi revslider_divi=&#8221;%91rev_slider alias=%22Momentos%22 slidertitle=%22Momentos%22%93%91\/rev_slider%93&#8243; _builder_version=&#8221;4.23.4&#8243; _module_preset=&#8221;default&#8221; global_colors_info=&#8221;{}&#8221; custom_css_main_element_last_edited=&#8221;on|phone&#8221; custom_css_main_element_phone=&#8221;margin-left:4%;||margin-right:4%;&#8221;][\/revslider_divi][\/et_pb_column][\/et_pb_row][et_pb_row use_custom_gutter=&#8221;on&#8221; gutter_width=&#8221;1&#8243; make_equal=&#8221;on&#8221; _builder_version=&#8221;4.23.4&#8243; _module_preset=&#8221;default&#8221; width=&#8221;100%&#8221; max_width=&#8221;100%&#8221; module_alignment=&#8221;center&#8221; custom_margin=&#8221;4%||||false|false&#8221; custom_padding=&#8221;||0px||false|false&#8221; global_colors_info=&#8221;{}&#8221;][et_pb_column type=&#8221;4_4&#8243; _builder_version=&#8221;4.23.4&#8243; _module_preset=&#8221;default&#8221; global_colors_info=&#8221;{}&#8221;][revslider_divi revslider_divi=&#8221;%91rev_slider alias=%22integrantes%22 slidertitle=%22integrantes%22%93%91\/rev_slider%93&#8243; _builder_version=&#8221;4.23.4&#8243; _module_preset=&#8221;default&#8221; global_colors_info=&#8221;{}&#8221;][\/revslider_divi][\/et_pb_column][\/et_pb_row][\/et_pb_section]<\/p>\n","protected":false},"excerpt":{"rendered":"<p>The NationalSymphony Orchestraof ColombiaThe National Symphony Orchestra of Colombia,established in 1936, is a cultural institution with a long history. Under the artistic direction of Israeli maestro Yeruham Scharovsky, it performs three concert series per year at its headquarters, the National Arts Center in Bogota, Colombia. As of December 2023, these series will also take place [&hellip;]<\/p>\n","protected":false},"author":1,"featured_media":987499158,"parent":0,"menu_order":0,"comment_status":"closed","ping_status":"closed","template":"","meta":{"_et_pb_use_builder":"on","_et_pb_old_content":"","_et_gb_content_width":"","om_disable_all_campaigns":false,"inline_featured_image":false,"_monsterinsights_skip_tracking":false,"_monsterinsights_sitenote_active":false,"_monsterinsights_sitenote_note":"","_monsterinsights_sitenote_category":0,"_uf_show_specific_survey":0,"_uf_disable_surveys":false,"footnotes":""},"yoast_head":"<!-- This site is optimized with the Yoast SEO plugin v23.7 - https:\/\/yoast.com\/wordpress\/plugins\/seo\/ -->\n<title>National Symphony Orchestra of Colombia: Tradition and Avant-Garde<\/title>\n<meta name=\"description\" content=\"Meet the National Symphony Orchestra of Colombia, an institution with a rich history and artistic vanguard. Explore our trajectory.\" \/>\n<meta name=\"robots\" content=\"index, follow, max-snippet:-1, max-image-preview:large, max-video-preview:-1\" \/>\n<link rel=\"canonical\" href=\"https:\/\/sinfonica.com.co\/en\/the-national\/\" \/>\n<meta property=\"og:locale\" content=\"en_US\" \/>\n<meta property=\"og:type\" content=\"article\" \/>\n<meta property=\"og:title\" content=\"National Symphony Orchestra of Colombia: Tradition and Avant-Garde\" \/>\n<meta property=\"og:description\" content=\"Meet the National Symphony Orchestra of Colombia, an institution with a rich history and artistic vanguard. Explore our trajectory.\" \/>\n<meta property=\"og:url\" content=\"https:\/\/sinfonica.com.co\/en\/the-national\/\" \/>\n<meta property=\"og:site_name\" content=\"Orquesta Sinf\u00f3nica de Colombia\" \/>\n<meta property=\"article:publisher\" content=\"https:\/\/www.facebook.com\/sinfonicadecolombia\" \/>\n<meta property=\"article:modified_time\" content=\"2024-01-19T19:15:52+00:00\" \/>\n<meta property=\"og:image\" content=\"https:\/\/sinfonica.com.co\/wp-content\/uploads\/2024\/01\/Logo-SEO-Orquesta-Sinfonica-Nacional-de-Colombia.webp\" \/>\n\t<meta property=\"og:image:width\" content=\"251\" \/>\n\t<meta property=\"og:image:height\" content=\"251\" \/>\n\t<meta property=\"og:image:type\" content=\"image\/webp\" \/>\n<meta name=\"twitter:card\" content=\"summary_large_image\" \/>\n<meta name=\"twitter:site\" content=\"@SinfonicaNalCol\" \/>\n<meta name=\"twitter:label1\" content=\"Est. reading time\" \/>\n\t<meta name=\"twitter:data1\" content=\"8 minutes\" \/>\n<!-- \/ Yoast SEO plugin. -->","yoast_head_json":{"title":"National Symphony Orchestra of Colombia: Tradition and Avant-Garde","description":"Meet the National Symphony Orchestra of Colombia, an institution with a rich history and artistic vanguard. Explore our trajectory.","robots":{"index":"index","follow":"follow","max-snippet":"max-snippet:-1","max-image-preview":"max-image-preview:large","max-video-preview":"max-video-preview:-1"},"canonical":"https:\/\/sinfonica.com.co\/en\/the-national\/","og_locale":"en_US","og_type":"article","og_title":"National Symphony Orchestra of Colombia: Tradition and Avant-Garde","og_description":"Meet the National Symphony Orchestra of Colombia, an institution with a rich history and artistic vanguard. Explore our trajectory.","og_url":"https:\/\/sinfonica.com.co\/en\/the-national\/","og_site_name":"Orquesta Sinf\u00f3nica de Colombia","article_publisher":"https:\/\/www.facebook.com\/sinfonicadecolombia","article_modified_time":"2024-01-19T19:15:52+00:00","og_image":[{"width":251,"height":251,"url":"https:\/\/sinfonica.com.co\/wp-content\/uploads\/2024\/01\/Logo-SEO-Orquesta-Sinfonica-Nacional-de-Colombia.webp","type":"image\/webp"}],"twitter_card":"summary_large_image","twitter_site":"@SinfonicaNalCol","twitter_misc":{"Est. reading time":"8 minutes"},"schema":{"@context":"https:\/\/schema.org","@graph":[{"@type":"WebPage","@id":"https:\/\/sinfonica.com.co\/en\/the-national\/","url":"https:\/\/sinfonica.com.co\/en\/the-national\/","name":"National Symphony Orchestra of Colombia: Tradition and Avant-Garde","isPartOf":{"@id":"https:\/\/sinfonica.com.co\/en\/#website"},"primaryImageOfPage":{"@id":"https:\/\/sinfonica.com.co\/en\/the-national\/#primaryimage"},"image":{"@id":"https:\/\/sinfonica.com.co\/en\/the-national\/#primaryimage"},"thumbnailUrl":"https:\/\/sinfonica.com.co\/wp-content\/uploads\/2024\/01\/Logo-SEO-Orquesta-Sinfonica-Nacional-de-Colombia.webp","datePublished":"2024-01-03T01:21:34+00:00","dateModified":"2024-01-19T19:15:52+00:00","description":"Meet the National Symphony Orchestra of Colombia, an institution with a rich history and artistic vanguard. Explore our trajectory.","breadcrumb":{"@id":"https:\/\/sinfonica.com.co\/en\/the-national\/#breadcrumb"},"inLanguage":"en-US","potentialAction":[{"@type":"ReadAction","target":["https:\/\/sinfonica.com.co\/en\/the-national\/"]}]},{"@type":"ImageObject","inLanguage":"en-US","@id":"https:\/\/sinfonica.com.co\/en\/the-national\/#primaryimage","url":"https:\/\/sinfonica.com.co\/wp-content\/uploads\/2024\/01\/Logo-SEO-Orquesta-Sinfonica-Nacional-de-Colombia.webp","contentUrl":"https:\/\/sinfonica.com.co\/wp-content\/uploads\/2024\/01\/Logo-SEO-Orquesta-Sinfonica-Nacional-de-Colombia.webp","width":251,"height":251},{"@type":"BreadcrumbList","@id":"https:\/\/sinfonica.com.co\/en\/the-national\/#breadcrumb","itemListElement":[{"@type":"ListItem","position":1,"name":"Portada","item":"https:\/\/sinfonica.com.co\/en\/"},{"@type":"ListItem","position":2,"name":"The National Symphony"}]},{"@type":"WebSite","@id":"https:\/\/sinfonica.com.co\/en\/#website","url":"https:\/\/sinfonica.com.co\/en\/","name":"Orquesta Sinf\u00f3nica de Colombia","description":"Orquesta Sinf\u00f3nica de Colombia","publisher":{"@id":"https:\/\/sinfonica.com.co\/en\/#organization"},"potentialAction":[{"@type":"SearchAction","target":{"@type":"EntryPoint","urlTemplate":"https:\/\/sinfonica.com.co\/en\/?s={search_term_string}"},"query-input":{"@type":"PropertyValueSpecification","valueRequired":true,"valueName":"search_term_string"}}],"inLanguage":"en-US"},{"@type":"Organization","@id":"https:\/\/sinfonica.com.co\/en\/#organization","name":"Orquesta Sinf\u00f3nica de Colombia","url":"https:\/\/sinfonica.com.co\/en\/","logo":{"@type":"ImageObject","inLanguage":"en-US","@id":"https:\/\/sinfonica.com.co\/en\/#\/schema\/logo\/image\/","url":"https:\/\/sinfonica.com.co\/wp-content\/uploads\/2024\/01\/Logo-Orquesta-Sinfonica-Nacional-de-Colombia.svg","contentUrl":"https:\/\/sinfonica.com.co\/wp-content\/uploads\/2024\/01\/Logo-Orquesta-Sinfonica-Nacional-de-Colombia.svg","width":"1024","height":"1024","caption":"Orquesta Sinf\u00f3nica de Colombia"},"image":{"@id":"https:\/\/sinfonica.com.co\/en\/#\/schema\/logo\/image\/"},"sameAs":["https:\/\/www.facebook.com\/sinfonicadecolombia","https:\/\/x.com\/SinfonicaNalCol","https:\/\/www.instagram.com\/sinfonicadecolombia\/#"]}]}},"_links":{"self":[{"href":"https:\/\/sinfonica.com.co\/en\/wp-json\/wp\/v2\/pages\/987499175"}],"collection":[{"href":"https:\/\/sinfonica.com.co\/en\/wp-json\/wp\/v2\/pages"}],"about":[{"href":"https:\/\/sinfonica.com.co\/en\/wp-json\/wp\/v2\/types\/page"}],"author":[{"embeddable":true,"href":"https:\/\/sinfonica.com.co\/en\/wp-json\/wp\/v2\/users\/1"}],"replies":[{"embeddable":true,"href":"https:\/\/sinfonica.com.co\/en\/wp-json\/wp\/v2\/comments?post=987499175"}],"version-history":[{"count":35,"href":"https:\/\/sinfonica.com.co\/en\/wp-json\/wp\/v2\/pages\/987499175\/revisions"}],"predecessor-version":[{"id":987499466,"href":"https:\/\/sinfonica.com.co\/en\/wp-json\/wp\/v2\/pages\/987499175\/revisions\/987499466"}],"wp:featuredmedia":[{"embeddable":true,"href":"https:\/\/sinfonica.com.co\/en\/wp-json\/wp\/v2\/media\/987499158"}],"wp:attachment":[{"href":"https:\/\/sinfonica.com.co\/en\/wp-json\/wp\/v2\/media?parent=987499175"}],"curies":[{"name":"wp","href":"https:\/\/api.w.org\/{rel}","templated":true}]}}